{"id":229,"date":"2021-12-16T11:00:04","date_gmt":"2021-12-16T08:00:04","guid":{"rendered":"https:\/\/www.salihonurbasat.com\/en\/?page_id=229"},"modified":"2025-12-18T10:57:20","modified_gmt":"2025-12-18T07:57:20","slug":"o-mnie","status":"publish","type":"page","link":"https:\/\/www.salihonurbasat.com\/pl\/o-mnie\/","title":{"rendered":"O mnie"},"content":{"rendered":"<div class=\"wpb-content-wrapper\"><p>[vc_row][vc_column][vc_column_text css=&#8221;&#8221;]<\/p>\n<div>\n<div class=\"yazi3\">\n<h3>Chirurg Plastyczny, Rekonstrukcyjny i Estetyczny<\/h3>\n<p>Salih Onur Basat, urodzony w Mersin 5 czerwca 1980 roku, uko\u0144czy\u0142 program \u201eMedycyna w j\u0119zyku angielskim\u201d na Wydziale Medycyny Uniwersytetu Stambulskiego Cerrahpa\u015fa w 2005 roku. Salih Onur Basat, kt\u00f3ry uzyska\u0142 specjalizacj\u0119 medyczn\u0105 na Wydziale Medycyny Uniwersytetu Stambulskiego, na Oddziale \u201eChirurgii Plastycznej, Rekonstrukcyjnej i Estetycznej\u201d w 2011 roku, odby\u0142 obowi\u0105zkow\u0105 s\u0142u\u017cb\u0119 pa\u0144stwow\u0105 jako lekarz specjalista w Oddziale Chirurgii Plastycznej, Rekonstrukcyjnej i Estetycznej w Szpitalu Szkoleniowo-Badawczym Okmeydan\u0131 w latach 2012\u20132014. Salih Onur Basat pracowa\u0142 przez pewien czas w sektorze ochrony zdrowia publicznego, prowadz\u0105c badania naukowe publikowane i prezentowane w wielu wiod\u0105cych krajowych i mi\u0119dzynarodowych czasopismach oraz kongresach.<\/p>\n<p>Podczas sta\u017cu w 2009 roku zdoby\u0142 pierwsze miejsce w konkursie &#8220;Konkurs Prezentacji Asystent\u00f3w, Oddzia\u0142 Kliniczny&#8221;. Bra\u0142 udzia\u0142 i przyczynia\u0142 si\u0119 do wielu krajowych i mi\u0119dzynarodowych kongres\u00f3w. Akredytowany przez Tureckie Towarzystwo Chirurgii Plastycznej, Rekonstrukcyjnej i Estetycznej (TPRECD) oraz Europejskie Towarzystwo Chirurgii Plastycznej, Rekonstrukcyjnej i Estetycznej (EBOPRAS), Salih Onur Basat jest wysoko do\u015bwiadczonym chirurgiem, kt\u00f3ry przeprowadzi\u0142 wiele udanych zabieg\u00f3w, w tym modelowanie sylwetki, chirurgi\u0119 piersi oraz zabiegi estetyczne twarzy.<\/p>\n<p><a href=\"https:\/\/www.salihonurbasat.com\/wp-content\/uploads\/2025\/12\/WhatsApp-Image-2025-12-18-at-10.46.39.jpeg\"><img loading=\"lazy\" decoding=\"async\" class=\"aligncenter wp-image-1237 size-medium\" src=\"https:\/\/www.salihonurbasat.com\/wp-content\/uploads\/2025\/12\/WhatsApp-Image-2025-12-18-at-10.46.39-300x208.jpeg\" alt=\"\" width=\"300\" height=\"208\" \/><\/a><\/p>\n<\/div>\n<\/div>\n<p>[\/vc_column_text][\/vc_column][\/vc_row]<\/p>\n<\/div>","protected":false},"excerpt":{"rendered":"<p>[vc_row][vc_column][vc_column_text css=&#8221;&#8221;] Chirurg Plastyczny, Rekonstrukcyjny i Estetyczny Salih Onur Basat, urodzony w Mersin 5 czerwca 1980 roku, uko\u0144czy\u0142 program \u201eMedycyna w j\u0119zyku angielskim\u201d na Wydziale Medycyny Uniwersytetu Stambulskiego Cerrahpa\u015fa w 2005 roku. Salih Onur Basat, kt\u00f3ry uzyska\u0142 specjalizacj\u0119 medyczn\u0105 na Wydziale Medycyny Uniwersytetu Stambulskiego, na Oddziale \u201eChirurgii Plastycznej, Rekonstrukcyjnej i Estetycznej\u201d w 2011 roku, odby\u0142 [&hellip;]<\/p>\n","protected":false},"author":1,"featured_media":227,"parent":0,"menu_order":0,"comment_status":"closed","ping_status":"closed","template":"template\/hakkimda.php","meta":{"footnotes":""},"class_list":["post-229","page","type-page","status-publish","has-post-thumbnail","hentry"],"_links":{"self":[{"href":"https:\/\/www.salihonurbasat.com\/pl\/wp-json\/wp\/v2\/pages\/229","targetHints":{"allow":["GET"]}}],"collection":[{"href":"https:\/\/www.salihonurbasat.com\/pl\/wp-json\/wp\/v2\/pages"}],"about":[{"href":"https:\/\/www.salihonurbasat.com\/pl\/wp-json\/wp\/v2\/types\/page"}],"author":[{"embeddable":true,"href":"https:\/\/www.salihonurbasat.com\/pl\/wp-json\/wp\/v2\/users\/1"}],"replies":[{"embeddable":true,"href":"https:\/\/www.salihonurbasat.com\/pl\/wp-json\/wp\/v2\/comments?post=229"}],"version-history":[{"count":11,"href":"https:\/\/www.salihonurbasat.com\/pl\/wp-json\/wp\/v2\/pages\/229\/revisions"}],"predecessor-version":[{"id":1096,"href":"https:\/\/www.salihonurbasat.com\/pl\/wp-json\/wp\/v2\/pages\/229\/revisions\/1096"}],"wp:featuredmedia":[{"embeddable":true,"href":"https:\/\/www.salihonurbasat.com\/pl\/wp-json\/wp\/v2\/media\/227"}],"wp:attachment":[{"href":"https:\/\/www.salihonurbasat.com\/pl\/wp-json\/wp\/v2\/media?parent=229"}],"curies":[{"name":"wp","href":"https:\/\/api.w.org\/{rel}","templated":true}]}}