{"id":229,"date":"2021-12-16T11:00:04","date_gmt":"2021-12-16T08:00:04","guid":{"rendered":"https:\/\/www.salihonurbasat.com\/fr\/?page_id=229"},"modified":"2025-12-18T10:57:49","modified_gmt":"2025-12-18T07:57:49","slug":"a-propos-de-moi","status":"publish","type":"page","link":"https:\/\/www.salihonurbasat.com\/fr\/a-propos-de-moi\/","title":{"rendered":"\u00c0 PROPOS DE MOI"},"content":{"rendered":"<div class=\"wpb-content-wrapper\"><p>[vc_row][vc_column][vc_column_text css=&#8221;&#8221;]Salih Onur Basat, n\u00e9 le 5 juin 1980 \u00e0 Mersin, est dipl\u00f4m\u00e9 de la Facult\u00e9 de m\u00e9decine Cerrahpa\u015fa de l&#8217;Universit\u00e9 d&#8217;Istanbul, &#8220;M\u00e9decine en anglais&#8221; en 2005. Salih Onur Basat, qui a termin\u00e9 sa sp\u00e9cialit\u00e9 m\u00e9dicale \u00e0 l&#8217;Universit\u00e9 d&#8217;Istanbul Facult\u00e9 de m\u00e9decine d&#8217;Istanbul &#8220;D\u00e9partement de chirurgie plastique, reconstructive et esth\u00e9tique&#8221; en 2011, a termin\u00e9 son obligation de service public obligatoire en tant que m\u00e9decin sp\u00e9cialiste entre 2012 et 2014 \u00e0 l&#8217;h\u00f4pital de formation et de recherche Okmeydan\u0131 Plastique, reconstructif et D\u00e9partement de Chirurgie Esth\u00e9tique. Salih Onur Basat, qui a travaill\u00e9 dans le secteur public pendant un certain temps depuis cette date, a fait des \u00e9tudes universitaires publi\u00e9es dans de nombreuses revues et congr\u00e8s nationaux et internationaux de premier plan au cours de cette p\u00e9riode.<\/p>\n<p>En 2009, lors de son assistanat, il remporte la premi\u00e8re place au &#8220;Clinical Assistant Paper Competition&#8221;. Il a particip\u00e9 et contribu\u00e9 \u00e0 de nombreux congr\u00e8s nationaux et internationaux. Salih Onur Basat, qui est accr\u00e9dit\u00e9 en chirurgie plastique, reconstructive et esth\u00e9tique turque (TPRECD) et en chirurgie plastique, reconstructive et esth\u00e9tique europ\u00e9enne (EBOPRAS)\u00a0; C&#8217;est un chirurgien tr\u00e8s exp\u00e9riment\u00e9 qui a r\u00e9alis\u00e9 un grand nombre de cas dans de nombreuses op\u00e9rations esth\u00e9tiques, en particulier dans de nombreuses op\u00e9rations r\u00e9ussies de modelage corporel, d&#8217;esth\u00e9tique mammaire et d&#8217;esth\u00e9tique faciale.<\/p>\n<p><a href=\"https:\/\/www.salihonurbasat.com\/wp-content\/uploads\/2025\/12\/WhatsApp-Image-2025-12-18-at-10.46.39.jpeg\"><img loading=\"lazy\" decoding=\"async\" class=\"aligncenter wp-image-1237 size-medium\" src=\"https:\/\/www.salihonurbasat.com\/wp-content\/uploads\/2025\/12\/WhatsApp-Image-2025-12-18-at-10.46.39-300x208.jpeg\" alt=\"\" width=\"300\" height=\"208\" \/><\/a>[\/vc_column_text][\/vc_column][\/vc_row]<\/p>\n<\/div>","protected":false},"excerpt":{"rendered":"<p>[vc_row][vc_column][vc_column_text css=&#8221;&#8221;]Salih Onur Basat, n\u00e9 le 5 juin 1980 \u00e0 Mersin, est dipl\u00f4m\u00e9 de la Facult\u00e9 de m\u00e9decine Cerrahpa\u015fa de l&#8217;Universit\u00e9 d&#8217;Istanbul, &#8220;M\u00e9decine en anglais&#8221; en 2005. Salih Onur Basat, qui a termin\u00e9 sa sp\u00e9cialit\u00e9 m\u00e9dicale \u00e0 l&#8217;Universit\u00e9 d&#8217;Istanbul Facult\u00e9 de m\u00e9decine d&#8217;Istanbul &#8220;D\u00e9partement de chirurgie plastique, reconstructive et esth\u00e9tique&#8221; en 2011, a termin\u00e9 son [&hellip;]<\/p>\n","protected":false},"author":1,"featured_media":227,"parent":0,"menu_order":0,"comment_status":"closed","ping_status":"closed","template":"template\/hakkimda.php","meta":{"footnotes":""},"class_list":["post-229","page","type-page","status-publish","has-post-thumbnail","hentry"],"_links":{"self":[{"href":"https:\/\/www.salihonurbasat.com\/fr\/wp-json\/wp\/v2\/pages\/229","targetHints":{"allow":["GET"]}}],"collection":[{"href":"https:\/\/www.salihonurbasat.com\/fr\/wp-json\/wp\/v2\/pages"}],"about":[{"href":"https:\/\/www.salihonurbasat.com\/fr\/wp-json\/wp\/v2\/types\/page"}],"author":[{"embeddable":true,"href":"https:\/\/www.salihonurbasat.com\/fr\/wp-json\/wp\/v2\/users\/1"}],"replies":[{"embeddable":true,"href":"https:\/\/www.salihonurbasat.com\/fr\/wp-json\/wp\/v2\/comments?post=229"}],"version-history":[{"count":12,"href":"https:\/\/www.salihonurbasat.com\/fr\/wp-json\/wp\/v2\/pages\/229\/revisions"}],"predecessor-version":[{"id":1073,"href":"https:\/\/www.salihonurbasat.com\/fr\/wp-json\/wp\/v2\/pages\/229\/revisions\/1073"}],"wp:featuredmedia":[{"embeddable":true,"href":"https:\/\/www.salihonurbasat.com\/fr\/wp-json\/wp\/v2\/media\/227"}],"wp:attachment":[{"href":"https:\/\/www.salihonurbasat.com\/fr\/wp-json\/wp\/v2\/media?parent=229"}],"curies":[{"name":"wp","href":"https:\/\/api.w.org\/{rel}","templated":true}]}}