{"id":813,"date":"2022-03-24T12:46:45","date_gmt":"2022-03-24T09:46:45","guid":{"rendered":"https:\/\/www.salihonurbasat.com\/es\/?page_id=813"},"modified":"2022-03-24T12:46:45","modified_gmt":"2022-03-24T09:46:45","slug":"kvkk-aydinlatma-metni","status":"publish","type":"page","link":"https:\/\/www.salihonurbasat.com\/es\/kvkk-aydinlatma-metni\/","title":{"rendered":"KVKK Ayd\u0131nlatma Metni"},"content":{"rendered":"<p><strong>Dr. Salih Onur BASAT <\/strong><\/p>\n<p><strong>Hasta Adaylar\u0131n\u0131n Ki\u015fisel Verilerinin \u0130\u015flenmesine ili\u015fkin <\/strong><\/p>\n<p><strong>Ayd\u0131nlatma Metni<\/strong><\/p>\n<p>De\u011ferli hasta aday\u0131m\u0131z,<\/p>\n<p>Sizinle yapaca\u011f\u0131m\u0131z g\u00f6r\u00fc\u015fmeler s\u00fcrecinde baz\u0131 ki\u015fisel verileriniz i\u015flenecektir. 6698 say\u0131l\u0131 Ki\u015fisel Verilerin Korunmas\u0131 Kanunu (&#8220;<strong>Kanun<\/strong>&#8220;) kapsam\u0131nda, \u201cVeri Sorumlusu\u201d s\u0131fat\u0131yla Dr. Salih Onur BASAT (<strong>Klinik<\/strong>) olarak, bu s\u00fcre\u00e7te i\u015fleyece\u011fimiz ki\u015fisel verilerinize ili\u015fkin sizleri bilgilendirmek istiyoruz.<\/p>\n<p>Bu metinde, Klini\u011fimizin hasta adaylar\u0131na sundu\u011fu tedavi ve hizmetlerinden (\u201c<strong>Hizmetler<\/strong>\u201d) \u00a0faydalanmak\/bilgi almak i\u00e7in sizinle yapaca\u011f\u0131m\u0131z g\u00f6r\u00fc\u015fme s\u00fcrecinde i\u015flenecek ki\u015fisel verilerinize ili\u015fkin ayd\u0131nlatma metni yer almaktad\u0131r.<\/p>\n<ol>\n<li><strong><em>Ki\u015fisel Verilerinizi \u0130\u015fleme Ama\u00e7lar\u0131m\u0131z ve \u0130\u015fledi\u011fimiz Ki\u015fisel Verileriniz Nedir?<\/em><\/strong><\/li>\n<\/ol>\n<p><strong>Bilgi Toplama, \u0130leti\u015fim ve Randevu Olu\u015fturma Faaliyetleri: <\/strong>Hizmetler\u2019den yararlanmak amac\u0131yla i\u015fletmemize ait \u00e7e\u015fitli ileti\u015fim kanallar\u0131 (i\u015fletme telefonlar\u0131m\u0131z\u0131 araman\u0131z veya talebiniz halinde yapaca\u011f\u0131m\u0131z aramalar, taraf\u0131m\u0131za e-posta g\u00f6ndermeniz, web sitelerimiz (<a href=\"http:\/\/www.salihonurbasat.com\">www.salihonurbasat.com<\/a>), sa\u011fl\u0131k platformlar\u0131 (\u00f6rn. <a href=\"http:\/\/www.realself.com\" target=\"_blank\" rel=\"noopener\">www.realself.com<\/a> vs.) veya di\u011fer sosyal medya platformlar\u0131 \u00fczerinden form doldurman\u0131z, sosyal medya hesaplar\u0131 veya anl\u0131k \u00e7evrimi\u00e7i mesajla\u015fma uygulamalar\u0131 arac\u0131l\u0131\u011f\u0131yla bizimle ileti\u015fime ge\u00e7meniz, e-posta g\u00f6ndermeniz) \u00fczerinden bizimle ileti\u015fime ge\u00e7erek sundu\u011fumuz Hizmetler\u2019e ili\u015fkin bilgi talep etmeniz halinde; ihtiyac\u0131n\u0131z olan ve size en uygun Hizmet\u2019in tespit edilebilmesi, buna ili\u015fkin size y\u00f6nelik bilgilendirme ve ileti\u015fim s\u00fcre\u00e7lerinin y\u00fcr\u00fct\u00fclebilmesi, gerekli bilgilerin al\u0131nd\u0131ktan sonra Hizmetler\u2019e ili\u015fkin teklifin olu\u015fturulabilmesi ve size iletilmesi, randevu olu\u015fturulabilmesi, ihtiya\u00e7 duydu\u011fumuz verilerimizin sisteme kaydedilerek sizinle ileti\u015fim faaliyetlerini y\u00fcr\u00fctebilmek i\u00e7in bu kay\u0131tlara ula\u015f\u0131lmas\u0131 amac\u0131yla kimlik (ad soyad\u0131), ileti\u015fim (telefon numaras\u0131, e-posta adresi, bulundu\u011fu \u00fclke), m\u00fc\u015fteri i\u015flem (talep etti\u011finiz tedavi t\u00fcr\u00fc, bize iletece\u011finiz notlar\u0131n\u0131z, randevu bilgileri) i\u015flenecektir.<\/p>\n<p><strong>De\u011ferlendirme S\u00fcre\u00e7leri: <\/strong>Tercihinize g\u00f6re muayenehanemizde veya dijital kanallar \u00fczerinden Dr. Salih Onur BASAT ile g\u00f6r\u00fc\u015fmeniz, talep ve tercihlerinizi iletmeniz halinde; talep etti\u011finiz Hizmet\u2019i almaya elveri\u015fli olup olmad\u0131\u011f\u0131n\u0131z\u0131n belirlenebilmesi, herhangi bir yasal\/t\u0131bbi engelin olup olmad\u0131\u011f\u0131n\u0131n tespit edilebilmesi ve Hizmet\u2019e ili\u015fkin \u00fccretin belirlenebilmesi amac\u0131yla g\u00f6rsel ve i\u015fitsel kay\u0131tlar\u0131n\u0131z (uygulanmas\u0131 planlanan i\u015flem b\u00f6lgesine ili\u015fkin iletece\u011finiz foto\u011fraf ve videolar), m\u00fc\u015fteri i\u015flem bilgileriniz (\u00fccret bilgisi, uygulama ad\u0131, talep edilen uygulamalar ve hasta aday\u0131n\u0131n beklentileri) ve sa\u011fl\u0131k bilgileriniz (medikal sa\u011fl\u0131k ge\u00e7mi\u015fi, do\u011fum tarihi\/ya\u015f, cinsiyet, ge\u00e7mi\u015f ameliyatlar, ge\u00e7mi\u015f hastal\u0131klar, medikal sa\u011fl\u0131k ge\u00e7mi\u015fine ili\u015fkin sorulacak sorulara al\u0131nan yan\u0131tlar, kullan\u0131lan ila\u00e7lar, \u00e7ocuk say\u0131s\u0131, ailedeki rahats\u0131zl\u0131klar\/hastal\u0131k ge\u00e7mi\u015fi, hamilelik bilgisi, boy, kilo, alerjiler, kronik rahats\u0131zl\u0131klar, hastaya uygulanmas\u0131 planlanan t\u0131bbi m\u00fcdahale bilgisi ve duruma g\u00f6re hekim taraf\u0131ndan al\u0131nacak di\u011fer sa\u011fl\u0131k notlar\u0131) i\u015flenecektir.<\/p>\n<p><strong>KVKK S\u00fcre\u00e7leri:<\/strong> Kanun uyar\u0131nca yap\u0131lan ayd\u0131nlatma ve al\u0131nan a\u00e7\u0131k r\u0131zalara ili\u015fkin kay\u0131tlar\u0131n saklanabilmesi, hasta adaylar\u0131na ili\u015fkin kay\u0131tlar\u0131n birbirinden ay\u0131rt edilebilmesi, onay i\u015flemlerinin g\u00fcvenli\u011finin ve do\u011frulamas\u0131n\u0131n sa\u011flanabilmesi,\u00a0 olas\u0131 bir \u015fikayet\/hukuki uyu\u015fmazl\u0131k halinde ilgili yasal haklar\u0131n kullan\u0131labilmesi ve y\u00fck\u00fcml\u00fcl\u00fcklerin yerine getirilebilmesi amac\u0131yla size iletece\u011fimiz Kanun kapsam\u0131ndaki formlara girece\u011finiz kimlik (ad soyad\u0131, imza), ileti\u015fim (telefon numaras\u0131, e-posta adresi) ve m\u00fc\u015fteri i\u015flem (ayd\u0131nlatma\/a\u00e7\u0131k r\u0131za i\u015flemlerine ili\u015fkin kay\u0131tlar) i\u015flenmektedir. Taraf\u0131m\u0131za ilgili ki\u015fi ba\u015fvurusu yapman\u0131z halinde ise ba\u015fvurunun Kanun\u2019a uygun \u015fekilde cevaplanabilmesi i\u00e7in kimlik (ad soyad\u0131, TC kimlik numaras\u0131, yaz\u0131l\u0131 ba\u015fvuru ise imza), ileti\u015fim (e-posta adresi, telefon numaras\u0131, faks numaras\u0131) ve m\u00fc\u015fteri i\u015flem (talep konusu) i\u015flenmektedir.<\/p>\n<p><strong>Yasal S\u00fcre\u00e7ler: <\/strong>Aram\u0131zda do\u011fabilecek olas\u0131 uyu\u015fmazl\u0131klarda resmi kurum ve kurulu\u015flara (mahkeme, icra dairesi, arabulucu, hakem heyeti, uzla\u015ft\u0131rmac\u0131 vs.) kar\u015f\u0131 her t\u00fcrl\u00fc yasal haklar\u0131n kullan\u0131labilmesi ve y\u00fck\u00fcml\u00fcl\u00fcklerin yerine getirilmesi, ihtarname s\u00fcre\u00e7lerinin y\u00fcr\u00fct\u00fclmesi, uyu\u015fmazl\u0131klara ili\u015fkin g\u00f6r\u00fc\u015fme ve anla\u015fma s\u00fcre\u00e7lerinin y\u00fcr\u00fct\u00fclmesi, olas\u0131 bir \u015fikayet\/soru\u015fturma halinde Kanun uyar\u0131nca yap\u0131lan ayd\u0131nlatma ve al\u0131nan a\u00e7\u0131k r\u0131zalar\u0131n ispat edilebilmesi ama\u00e7lar\u0131yla kimlik (ad soyad\u0131, do\u011fum tarihi), ileti\u015fim (telefon numaras\u0131, e-posta adresi, bulundu\u011fu \u00fclke), m\u00fc\u015fteri i\u015flem (ayd\u0131nlatma tarihi, kanal\u0131, y\u00f6ntemi, kapsam\u0131) ve hukuki i\u015flem (ilgili hukuki uyu\u015fmazl\u0131k dosya bilgileri) i\u015flenecektir.<\/p>\n<ol start=\"2\">\n<li><strong><em>Ki\u015fisel Verilerinizi Kimlere ve Hangi Ama\u00e7la Aktarabiliriz?<\/em><\/strong><\/li>\n<\/ol>\n<p>Ki\u015fisel verilerinizi,<\/p>\n<ul>\n<li><strong>Tedarik\u00e7iler:<\/strong> Bili\u015fim teknolojileri ya da uzmanl\u0131k gerektiren dan\u0131\u015fmanl\u0131k vb. konularda \u00fcr\u00fcn ve hizmet deste\u011fi almak ama\u00e7lar\u0131yla hizmet sa\u011flay\u0131c\u0131lar\u0131yla (bak\u0131m\/onar\u0131m\/geli\u015ftirme hizmeti al\u0131nan tedarik\u00e7iler, web sitesine ve e-posta hizmetine ili\u015fkin sunucu hizmeti al\u0131nan tedarik\u00e7iler, hukuki dan\u0131\u015fmanl\u0131k hizmeti verenler, form ve bilgi toplama hizmeti veren sa\u011fl\u0131k platformlar\u0131, hasta takip ve y\u00f6netim sistemi hizmeti veren tedarik\u00e7iler, ortak alan ve takvim uygulamas\u0131 hizmeti veren tedarik\u00e7iler),<\/li>\n<li><strong>Kamu Kurum Kurulu\u015flar\u0131: <\/strong>Yetkili kamu kurum ve kurulu\u015flar\u0131 ile adli makamlara kar\u015f\u0131 olan bilgi, belge verme ve ilgili sair y\u00fck\u00fcml\u00fcl\u00fcklerimizi yerine getirmek ve dava ve cevap haklar\u0131 gibi yasal haklar\u0131m\u0131z\u0131 kullanabilmek amac\u0131yla bizden istenen bilgileri an\u0131lan bu kurum, kurulu\u015f ve makamlarla,<\/li>\n<\/ul>\n<p>payla\u015fabiliriz.<\/p>\n<ol start=\"3\">\n<li><strong><em>Ki\u015fisel verilerinizin toplanma y\u00f6ntemi ve hukuki sebebi nedir?<\/em><\/strong><\/li>\n<\/ol>\n<p>Ki\u015fisel verileriniz; (i) ileti\u015fim kanallar\u0131m\u0131z (telefon, e-posta, sosyal medya hesaplar\u0131 \u00fczerinden yaz\u0131\u015fma, anl\u0131k \u00e7evrimi\u00e7i mesajla\u015fma uygulamalar\u0131, web sitesi (<a href=\"http:\/\/www.salihonurbasat.com\">www.salihonurbasat.com<\/a>), form doldurma hizmeti veren sa\u011fl\u0131k platformlar\u0131, sosyal medya \u00fczerinden form doldurma) \u00fczerinden bilgi al\u0131nmas\u0131 ve al\u0131nan bilgilerin sistemlerimize kaydedilmesi, randevu bilgilerinizin randevu\/hasta takip kay\u0131t sistemimize girilmesi, resmi kurum ve kurulu\u015flar taraf\u0131ndan dijital olarak yap\u0131lan payla\u015f\u0131mlar (UYAP, dava dosyas\u0131, ihtarname, e-tebligat vb.) ile, ayd\u0131nlatma y\u00fck\u00fcml\u00fcl\u00fc\u011f\u00fcne ili\u015fkin dijital ortamlardaki kay\u0131tlar\u0131n sistemlerimize kaydedilmesi \u015feklindeki otomatik y\u00f6ntemlerle veya (ii) muayenehanemize gelerek muayene olman\u0131z halinde hekim taraf\u0131ndan hasta aday\u0131na ili\u015fkin bilgilerin not edilmesi, resmi kurum ve kurulu\u015flar taraf\u0131ndan yap\u0131lan fiziki payla\u015f\u0131mlar (dava dosyas\u0131, ihtarname, tebligat vb.), ayd\u0131nlatma y\u00fck\u00fcml\u00fcl\u00fc\u011f\u00fcne kay\u0131tlar\u0131n yaz\u0131l\u0131 olarak al\u0131nmas\u0131 \u015feklindeki otomatik olmayan y\u00f6ntemlerle toplanacakt\u0131r.<\/p>\n<p>Ki\u015fisel verileriniz:<\/p>\n<ul>\n<li>Bilgi Toplama, \u0130leti\u015fim ve Randevu Olu\u015fturma faaliyetlerine ili\u015fkin olarak \u201cbir s\u00f6zle\u015fmenin kurulmas\u0131 veya ifas\u0131yla do\u011frudan do\u011fruya ilgili olmas\u0131 kayd\u0131yla, s\u00f6zle\u015fmenin taraflar\u0131na ait ki\u015fisel verilerin i\u015flenmesinin gerekli olmas\u0131\u201d, \u201cilgili ki\u015finin temel hak ve \u00f6zg\u00fcrl\u00fcklerine zarar vermemek kayd\u0131yla, veri sorumlusunun me\u015fru menfaatleri i\u00e7in veri i\u015flenmesinin zorunlu olmas\u0131\u201d hukuki sebebine,<\/li>\n<li>De\u011ferlendirme s\u00fcre\u00e7lerine ili\u015fkin olarak \u201cilgili ki\u015finin temel hak ve \u00f6zg\u00fcrl\u00fcklerine zarar vermemek kayd\u0131yla, veri sorumlusunun me\u015fru menfaatleri i\u00e7in veri i\u015flenmesinin zorunlu olmas\u0131\u201d hukuki sebebine, bu kapsamdaki sa\u011fl\u0131k verileriniz ise \u201ct\u0131bb\u00ee te\u015fhis, tedavi ve bak\u0131m hizmetlerinin y\u00fcr\u00fct\u00fclmesi amac\u0131yla s\u0131r saklama y\u00fck\u00fcml\u00fcl\u00fc\u011f\u00fc alt\u0131nda bulunan ki\u015filer\u00a0taraf\u0131ndan i\u015flenmesi\u201d hukuki sebeplerine,<\/li>\n<li>Yasal s\u00fcre\u00e7lere ve KVKK s\u00fcre\u00e7lerine ili\u015fkin olarak \u201cveri sorumlusunun hukuki y\u00fck\u00fcml\u00fcl\u00fc\u011f\u00fcn\u00fc yerine getirebilmesi i\u00e7in zorunlu olmas\u0131\u201d, \u201cilgili ki\u015finin temel hak ve \u00f6zg\u00fcrl\u00fcklerine zarar vermemek kayd\u0131yla, veri sorumlusunun me\u015fru menfaatleri i\u00e7in veri i\u015flenmesinin zorunlu olmas\u0131\u201d, \u201ckanunlarda a\u00e7\u0131k\u00e7a \u00f6ng\u00f6r\u00fclmesi\u201d ve \u201cbir hakk\u0131n tesisi, kullan\u0131lmas\u0131 veya korunmas\u0131 i\u00e7in veri i\u015flemenin zorunlu olmas\u0131\u201d hukuki sebeplerine dayan\u0131larak i\u015flenecektir.<\/li>\n<\/ul>\n<ol start=\"4\">\n<li><strong><em>Haklar\u0131n\u0131z nelerdir?<\/em><\/strong><\/li>\n<\/ol>\n<p>Taraf\u0131m\u0131zca i\u015flenen ki\u015fisel verilerinize ili\u015fkin olarak her zaman Kanun\u2019un 11.maddesinde yer alan haklar\u0131n\u0131za ili\u015fkin taraf\u0131m\u0131za ba\u015fvuruda bulunabilirsiniz. Ba\u015fvurular\u0131n\u0131z\u0131 a\u015fa\u011f\u0131da belirtilen adrese yaz\u0131l\u0131 ba\u015fvuru yaparak veya sistemimizde kay\u0131tl\u0131 bulunan e-posta adresinizden e-posta g\u00f6ndermek suretiyle iletebilirsiniz. <em>(\u0130lgili talebin Veri Sorumlusuna Ba\u015fvuru Usul ve Esaslar\u0131 Hakk\u0131nda Tebli\u011f\u2019de yer alan \u015fartlara uygun olmas\u0131 gerekti\u011fini hat\u0131rlatmak isteriz.)<\/em><\/p>\n<p><strong>Yaz\u0131l\u0131 ba\u015fvuru adresi:<\/strong> Harbiye mahallesi Mim Kemal \u00d6ke Caddesi, Kristal Apt. No:17 Kat:2 Daire:4, 34367 Ni\u015fanta\u015f\u0131\/\u015ei\u015fli\/\u0130stanbul<\/p>\n<p><strong>E-Posta:<\/strong> <a href=\"mailto:kvkk@salihonurbasat.com\">kvkk@salihonurbasat.com<\/a><\/p>\n","protected":false},"excerpt":{"rendered":"<p>Dr. Salih Onur BASAT Hasta Adaylar\u0131n\u0131n Ki\u015fisel Verilerinin \u0130\u015flenmesine ili\u015fkin Ayd\u0131nlatma Metni De\u011ferli hasta aday\u0131m\u0131z, Sizinle yapaca\u011f\u0131m\u0131z g\u00f6r\u00fc\u015fmeler s\u00fcrecinde baz\u0131 ki\u015fisel verileriniz i\u015flenecektir. 6698 say\u0131l\u0131 Ki\u015fisel Verilerin Korunmas\u0131 Kanunu (&#8220;Kanun&#8220;) kapsam\u0131nda, \u201cVeri Sorumlusu\u201d s\u0131fat\u0131yla Dr. Salih Onur BASAT (Klinik) olarak, bu s\u00fcre\u00e7te i\u015fleyece\u011fimiz ki\u015fisel verilerinize ili\u015fkin sizleri bilgilendirmek istiyoruz. Bu metinde, Klini\u011fimizin hasta adaylar\u0131na sundu\u011fu [&hellip;]<\/p>\n","protected":false},"author":1,"featured_media":0,"parent":0,"menu_order":0,"comment_status":"closed","ping_status":"closed","template":"","meta":{"footnotes":""},"class_list":["post-813","page","type-page","status-publish","hentry"],"_links":{"self":[{"href":"https:\/\/www.salihonurbasat.com\/es\/wp-json\/wp\/v2\/pages\/813","targetHints":{"allow":["GET"]}}],"collection":[{"href":"https:\/\/www.salihonurbasat.com\/es\/wp-json\/wp\/v2\/pages"}],"about":[{"href":"https:\/\/www.salihonurbasat.com\/es\/wp-json\/wp\/v2\/types\/page"}],"author":[{"embeddable":true,"href":"https:\/\/www.salihonurbasat.com\/es\/wp-json\/wp\/v2\/users\/1"}],"replies":[{"embeddable":true,"href":"https:\/\/www.salihonurbasat.com\/es\/wp-json\/wp\/v2\/comments?post=813"}],"version-history":[{"count":1,"href":"https:\/\/www.salihonurbasat.com\/es\/wp-json\/wp\/v2\/pages\/813\/revisions"}],"predecessor-version":[{"id":814,"href":"https:\/\/www.salihonurbasat.com\/es\/wp-json\/wp\/v2\/pages\/813\/revisions\/814"}],"wp:attachment":[{"href":"https:\/\/www.salihonurbasat.com\/es\/wp-json\/wp\/v2\/media?parent=813"}],"curies":[{"name":"wp","href":"https:\/\/api.w.org\/{rel}","templated":true}]}}