{"id":229,"date":"2021-12-16T11:00:04","date_gmt":"2021-12-16T08:00:04","guid":{"rendered":"https:\/\/www.salihonurbasat.com\/es\/?page_id=229"},"modified":"2025-12-18T10:57:26","modified_gmt":"2025-12-18T07:57:26","slug":"sobre-mi","status":"publish","type":"page","link":"https:\/\/www.salihonurbasat.com\/es\/sobre-mi\/","title":{"rendered":"SOBRE M\u00cd"},"content":{"rendered":"<div class=\"wpb-content-wrapper\"><p>[vc_row][vc_column][vc_column_text css=&#8221;&#8221;]Salih Onur Basat, nacido el 5 de junio de 1980 en Mersin, se gradu\u00f3 en la Facultad de Medicina de la Universidad de Estambul Cerrahpa\u015fa, &#8220;Medicina en ingl\u00e9s&#8221; en 2005. Salih Onur Basat, que complet\u00f3 su especialidad m\u00e9dica en la Facultad de Medicina de la Universidad de Estambul &#8220;Departamento de Cirug\u00eda Pl\u00e1stica, Reconstructiva y Est\u00e9tica&#8221; en 2011, complet\u00f3 su obligaci\u00f3n de servicio estatal obligatorio como m\u00e9dico especialista entre 2012 y 2014 en el Departamento de Cirug\u00eda Pl\u00e1stica, Reconstructiva y Est\u00e9tica del Hospital de Formaci\u00f3n e Investigaci\u00f3n Okmeydan\u0131. realizado. Salih Onur Basat, que lleva un tiempo trabajando en el sector p\u00fablico desde esta fecha, ha realizado estudios acad\u00e9micos publicados en numerosas revistas y congresos nacionales e internacionales de primer orden durante este periodo.<\/p>\n<p>En 2009, durante su ayudant\u00eda, gan\u00f3 el primer puesto en el &#8220;Clinical Assistant Paper Competition&#8221;. Ha participado y contribuido a muchos congresos nacionales e internacionales. Salih Onur Basat, que cuenta con la acreditaci\u00f3n de Cirug\u00eda Pl\u00e1stica, Reconstructiva y Est\u00e9tica de Turqu\u00eda (TPRECD) y de Cirug\u00eda Pl\u00e1stica, Reconstructiva y Est\u00e9tica de Europa (EBOPRAS); es un cirujano con gran experiencia que ha conseguido un elevado n\u00famero de casos en muchas operaciones est\u00e9ticas, especialmente en muchas operaciones exitosas de remodelaci\u00f3n corporal, est\u00e9tica mamaria y est\u00e9tica facial.<\/p>\n<p><a href=\"https:\/\/www.salihonurbasat.com\/wp-content\/uploads\/2025\/12\/WhatsApp-Image-2025-12-18-at-10.46.39.jpeg\"><img loading=\"lazy\" decoding=\"async\" class=\"aligncenter wp-image-1237 size-medium\" src=\"https:\/\/www.salihonurbasat.com\/wp-content\/uploads\/2025\/12\/WhatsApp-Image-2025-12-18-at-10.46.39-300x208.jpeg\" alt=\"\" width=\"300\" height=\"208\" \/><\/a>[\/vc_column_text][\/vc_column][\/vc_row]<\/p>\n<\/div>","protected":false},"excerpt":{"rendered":"<p>[vc_row][vc_column][vc_column_text css=&#8221;&#8221;]Salih Onur Basat, nacido el 5 de junio de 1980 en Mersin, se gradu\u00f3 en la Facultad de Medicina de la Universidad de Estambul Cerrahpa\u015fa, &#8220;Medicina en ingl\u00e9s&#8221; en 2005. Salih Onur Basat, que complet\u00f3 su especialidad m\u00e9dica en la Facultad de Medicina de la Universidad de Estambul &#8220;Departamento de Cirug\u00eda Pl\u00e1stica, Reconstructiva y [&hellip;]<\/p>\n","protected":false},"author":1,"featured_media":227,"parent":0,"menu_order":0,"comment_status":"closed","ping_status":"closed","template":"template\/hakkimda.php","meta":{"footnotes":""},"class_list":["post-229","page","type-page","status-publish","has-post-thumbnail","hentry"],"_links":{"self":[{"href":"https:\/\/www.salihonurbasat.com\/es\/wp-json\/wp\/v2\/pages\/229","targetHints":{"allow":["GET"]}}],"collection":[{"href":"https:\/\/www.salihonurbasat.com\/es\/wp-json\/wp\/v2\/pages"}],"about":[{"href":"https:\/\/www.salihonurbasat.com\/es\/wp-json\/wp\/v2\/types\/page"}],"author":[{"embeddable":true,"href":"https:\/\/www.salihonurbasat.com\/es\/wp-json\/wp\/v2\/users\/1"}],"replies":[{"embeddable":true,"href":"https:\/\/www.salihonurbasat.com\/es\/wp-json\/wp\/v2\/comments?post=229"}],"version-history":[{"count":8,"href":"https:\/\/www.salihonurbasat.com\/es\/wp-json\/wp\/v2\/pages\/229\/revisions"}],"predecessor-version":[{"id":1016,"href":"https:\/\/www.salihonurbasat.com\/es\/wp-json\/wp\/v2\/pages\/229\/revisions\/1016"}],"wp:featuredmedia":[{"embeddable":true,"href":"https:\/\/www.salihonurbasat.com\/es\/wp-json\/wp\/v2\/media\/227"}],"wp:attachment":[{"href":"https:\/\/www.salihonurbasat.com\/es\/wp-json\/wp\/v2\/media?parent=229"}],"curies":[{"name":"wp","href":"https:\/\/api.w.org\/{rel}","templated":true}]}}