{"id":229,"date":"2021-12-16T11:00:04","date_gmt":"2021-12-16T08:00:04","guid":{"rendered":"https:\/\/www.salihonurbasat.com\/de\/?page_id=229"},"modified":"2025-12-18T10:57:43","modified_gmt":"2025-12-18T07:57:43","slug":"uber-mich","status":"publish","type":"page","link":"https:\/\/www.salihonurbasat.com\/de\/uber-mich\/","title":{"rendered":"Uber mich"},"content":{"rendered":"<div class=\"wpb-content-wrapper\"><p>[vc_row][vc_column][vc_column_text css=&#8221;&#8221;]Salih Onur Basat, geboren am 5. Juni 1980 in Mersin, schloss 2005 sein Studium an der Medizinischen Fakult\u00e4t &#8220;Medicine in English&#8221; der Universit\u00e4t Istanbul Cerrahpa\u015fa ab. Salih Onur Basat, der 2011 seine Facharztausbildung an der Medizinischen Fakult\u00e4t der Universit\u00e4t Istanbul \u201ePlastische, Rekonstruktive und \u00c4sthetische Chirurgie\u201c absolvierte, absolvierte zwischen 2012 und 2014 seine staatliche Dienstpflicht als Facharzt im Okmeydan\u0131 Training and Research Hospital Plastic, Reconstructive und Abteilung f\u00fcr \u00e4sthetische Chirurgie durchgef\u00fchrt. Salih Onur Basat, der seither im \u00f6ffentlichen Sektor t\u00e4tig ist, hat in dieser Zeit wissenschaftliche Studien in vielen f\u00fchrenden nationalen und internationalen Zeitschriften und Kongressen ver\u00f6ffentlicht.<\/p>\n<p><a href=\"https:\/\/www.salihonurbasat.com\/wp-content\/uploads\/2025\/12\/WhatsApp-Image-2025-12-18-at-10.46.39.jpeg\"><img loading=\"lazy\" decoding=\"async\" class=\"aligncenter wp-image-1237 size-medium\" src=\"https:\/\/www.salihonurbasat.com\/wp-content\/uploads\/2025\/12\/WhatsApp-Image-2025-12-18-at-10.46.39-300x208.jpeg\" alt=\"\" width=\"300\" height=\"208\" \/><\/a>[\/vc_column_text][\/vc_column][\/vc_row]<\/p>\n<\/div>","protected":false},"excerpt":{"rendered":"<p>[vc_row][vc_column][vc_column_text css=&#8221;&#8221;]Salih Onur Basat, geboren am 5. Juni 1980 in Mersin, schloss 2005 sein Studium an der Medizinischen Fakult\u00e4t &#8220;Medicine in English&#8221; der Universit\u00e4t Istanbul Cerrahpa\u015fa ab. Salih Onur Basat, der 2011 seine Facharztausbildung an der Medizinischen Fakult\u00e4t der Universit\u00e4t Istanbul \u201ePlastische, Rekonstruktive und \u00c4sthetische Chirurgie\u201c absolvierte, absolvierte zwischen 2012 und 2014 seine staatliche Dienstpflicht [&hellip;]<\/p>\n","protected":false},"author":1,"featured_media":227,"parent":0,"menu_order":0,"comment_status":"closed","ping_status":"closed","template":"template\/hakkimda.php","meta":{"footnotes":""},"class_list":["post-229","page","type-page","status-publish","has-post-thumbnail","hentry"],"_links":{"self":[{"href":"https:\/\/www.salihonurbasat.com\/de\/wp-json\/wp\/v2\/pages\/229","targetHints":{"allow":["GET"]}}],"collection":[{"href":"https:\/\/www.salihonurbasat.com\/de\/wp-json\/wp\/v2\/pages"}],"about":[{"href":"https:\/\/www.salihonurbasat.com\/de\/wp-json\/wp\/v2\/types\/page"}],"author":[{"embeddable":true,"href":"https:\/\/www.salihonurbasat.com\/de\/wp-json\/wp\/v2\/users\/1"}],"replies":[{"embeddable":true,"href":"https:\/\/www.salihonurbasat.com\/de\/wp-json\/wp\/v2\/comments?post=229"}],"version-history":[{"count":8,"href":"https:\/\/www.salihonurbasat.com\/de\/wp-json\/wp\/v2\/pages\/229\/revisions"}],"predecessor-version":[{"id":956,"href":"https:\/\/www.salihonurbasat.com\/de\/wp-json\/wp\/v2\/pages\/229\/revisions\/956"}],"wp:featuredmedia":[{"embeddable":true,"href":"https:\/\/www.salihonurbasat.com\/de\/wp-json\/wp\/v2\/media\/227"}],"wp:attachment":[{"href":"https:\/\/www.salihonurbasat.com\/de\/wp-json\/wp\/v2\/media?parent=229"}],"curies":[{"name":"wp","href":"https:\/\/api.w.org\/{rel}","templated":true}]}}